{"id":12518,"date":"2022-04-02T12:02:19","date_gmt":"2022-04-02T10:02:19","guid":{"rendered":"https:\/\/www.vsacomunicacion.com\/making-of\/"},"modified":"2023-03-07T12:14:12","modified_gmt":"2023-03-07T11:14:12","slug":"making-of","status":"publish","type":"page","link":"https:\/\/www.vsacomunicacion.com\/en\/making-of\/","title":{"rendered":"Making of"},"content":{"rendered":"\t\t<div data-elementor-type=\"wp-page\" data-elementor-id=\"12518\" class=\"elementor elementor-12518 elementor-8716\" data-elementor-post-type=\"page\">\n\t\t\t\t\t\t<section class=\"elementor-section elementor-top-section elementor-element elementor-element-c1b8f31 elementor-section-full_width edgtf-row-grid-section elementor-section-height-default elementor-section-height-default edgtf-parallax-row-no edgtf-content-aligment-left edgtf-disabled-bg-image-bellow-no\" data-id=\"c1b8f31\" data-element_type=\"section\">\n\t\t\t\t\t\t<div class=\"elementor-container elementor-column-gap-default\">\n\t\t\t\t\t<div class=\"elementor-column elementor-col-50 elementor-top-column elementor-element elementor-element-044380b\" data-id=\"044380b\" data-element_type=\"column\">\n\t\t\t<div class=\"elementor-widget-wrap elementor-element-populated\">\n\t\t\t\t\t\t<div class=\"elementor-element elementor-element-4077ba5 elementor-widget elementor-widget-edgtf_section_title\" data-id=\"4077ba5\" data-element_type=\"widget\" data-widget_type=\"edgtf_section_title.default\">\n\t\t\t\t<div class=\"elementor-widget-container\">\n\t\t\t<div class=\"edgtf-section-title-holder  edgtf-st-standard edgtf-st-title-left edgtf-st-normal-space edgtf-st-disable-title-break\" >\n\t<div class=\"edgtf-st-inner\">\n\t\t\t\t\t<h2 class=\"edgtf-st-title\" >\n\t\t\t\tMaking of\t\t\t<\/h2>\n\t\t\t\t\t<\/div>\n<\/div>\t\t<\/div>\n\t\t\t\t<\/div>\n\t\t\t\t<div class=\"elementor-element elementor-element-2185836 elementor-widget elementor-widget-text-editor\" data-id=\"2185836\" data-element_type=\"widget\" data-widget_type=\"text-editor.default\">\n\t\t\t\t<div class=\"elementor-widget-container\">\n\t\t\t<style>\/*! elementor - v3.23.0 - 05-08-2024 *\/\n.elementor-widget-text-editor.elementor-drop-cap-view-stacked .elementor-drop-cap{background-color:#69727d;color:#fff}.elementor-widget-text-editor.elementor-drop-cap-view-framed .elementor-drop-cap{color:#69727d;border:3px solid;background-color:transparent}.elementor-widget-text-editor:not(.elementor-drop-cap-view-default) .elementor-drop-cap{margin-top:8px}.elementor-widget-text-editor:not(.elementor-drop-cap-view-default) .elementor-drop-cap-letter{width:1em;height:1em}.elementor-widget-text-editor .elementor-drop-cap{float:left;text-align:center;line-height:1;font-size:50px}.elementor-widget-text-editor .elementor-drop-cap-letter{display:inline-block}<\/style>\t\t\t\t<pre id=\"tw-target-text\" class=\"tw-data-text tw-text-large tw-ta\" dir=\"ltr\" data-placeholder=\"Translation\" data-ved=\"2ahUKEwin3dGXrv6EAxVaxAIHHfUWAKsQ3ewLegQIAxAU\"><span class=\"Y2IQFc\" lang=\"en\">Think big...\nDiscover how we make your projects come true.<\/span><\/pre>\t\t\t\t\t\t<\/div>\n\t\t\t\t<\/div>\n\t\t\t\t\t<\/div>\n\t\t<\/div>\n\t\t\t\t<div class=\"elementor-column elementor-col-50 elementor-top-column elementor-element elementor-element-e6cdfeb\" data-id=\"e6cdfeb\" data-element_type=\"column\">\n\t\t\t<div class=\"elementor-widget-wrap elementor-element-populated\">\n\t\t\t\t\t\t<div class=\"elementor-element elementor-element-8647055 elementor-widget elementor-widget-edgtf_video_button\" data-id=\"8647055\" data-element_type=\"widget\" data-widget_type=\"edgtf_video_button.default\">\n\t\t\t\t<div class=\"elementor-widget-container\">\n\t\t\t<div class=\"edgtf-video-button-holder  edgtf-vb-has-img\">\n\t<div class=\"edgtf-video-button-image\">\n\t\t<img fetchpriority=\"high\" decoding=\"async\" width=\"824\" height=\"467\" src=\"https:\/\/www.vsacomunicacion.com\/wp-content\/uploads\/2022\/04\/publicidad-exterior-proyectos-especiales-barcelona-san-miguel-1600_2-e1678188970611.jpg\" class=\"attachment-full size-full\" alt=\"Lona san Miguel VSA\" srcset=\"https:\/\/www.vsacomunicacion.com\/wp-content\/uploads\/2022\/04\/publicidad-exterior-proyectos-especiales-barcelona-san-miguel-1600_2-e1678188970611.jpg 824w, https:\/\/www.vsacomunicacion.com\/wp-content\/uploads\/2022\/04\/publicidad-exterior-proyectos-especiales-barcelona-san-miguel-1600_2-e1678188970611-300x170.jpg 300w, https:\/\/www.vsacomunicacion.com\/wp-content\/uploads\/2022\/04\/publicidad-exterior-proyectos-especiales-barcelona-san-miguel-1600_2-e1678188970611-768x435.jpg 768w\" sizes=\"(max-width: 824px) 100vw, 824px\" \/>\t<\/div>\n\t\t\t<a class=\"edgtf-video-button-play\" style=\"color: #FFFFFF\" href=\"https:\/\/www.vsacomunicacion.com\/wp-content\/uploads\/2023\/03\/Lona-San-Miguel-Plaza-Francesc-Macia.mp4?iframe=true\" data-rel=\"prettyPhoto[video_button_pretty_photo_814]\">\n\t\t\t<span class=\"edgtf-video-button-play-inner\">\n\t\t\t\t<svg class=\"edgtf-theme-svg\" x=\"0px\" y=\"0px\" width=\"115px\" height=\"115px\" viewBox=\"0 0 231.971 231.971\" enable-background=\"new 0 0 231.971 231.971\" xml:space=\"preserve\">\n\t\t\t\t\t<circle fill=\"none\" stroke=\"#000000\" stroke-miterlimit=\"10\" cx=\"115.985\" cy=\"115.985\" r=\"115.485\"\/>\n\t\t\t\t<\/svg><span class=\"edgtf-video-button-text\">PLAY<\/span>\t\t\t<\/span>\n\t\t<\/a>\n\t<\/div>\t\t<\/div>\n\t\t\t\t<\/div>\n\t\t\t\t\t<\/div>\n\t\t<\/div>\n\t\t\t\t\t<\/div>\n\t\t<\/section>\n\t\t\t\t<section class=\"elementor-section elementor-top-section elementor-element elementor-element-11459be edgtf-row-grid-section elementor-section-boxed elementor-section-height-default elementor-section-height-default edgtf-parallax-row-no edgtf-content-aligment-left edgtf-disabled-bg-image-bellow-no\" data-id=\"11459be\" data-element_type=\"section\">\n\t\t\t\t\t\t<div class=\"elementor-container elementor-column-gap-default\">\n\t\t\t\t\t<div class=\"elementor-column elementor-col-100 elementor-top-column elementor-element elementor-element-98fd8c5\" data-id=\"98fd8c5\" data-element_type=\"column\">\n\t\t\t<div class=\"elementor-widget-wrap elementor-element-populated\">\n\t\t\t\t\t\t<div class=\"elementor-element elementor-element-1d9046c elementor-widget elementor-widget-edgtf_section_title\" data-id=\"1d9046c\" data-element_type=\"widget\" data-widget_type=\"edgtf_section_title.default\">\n\t\t\t\t<div class=\"elementor-widget-container\">\n\t\t\t<div class=\"edgtf-section-title-holder  edgtf-st-standard edgtf-st-title-left edgtf-st-normal-space edgtf-st-disable-title-break\" >\n\t<div class=\"edgtf-st-inner\">\n\t\t\t\t\t<h4 class=\"edgtf-st-title\" >\n\t\t\t\tM\u00e1s v\u00eddeos...\t\t\t<\/h4>\n\t\t\t\t\t<\/div>\n<\/div>\t\t<\/div>\n\t\t\t\t<\/div>\n\t\t\t\t<div class=\"elementor-element elementor-element-c2ee589 elementor-widget elementor-widget-edgtf_portfolio_list\" data-id=\"c2ee589\" data-element_type=\"widget\" data-widget_type=\"edgtf_portfolio_list.default\">\n\t\t\t\t<div class=\"elementor-widget-container\">\n\t\t\t<div class=\"edgtf-portfolio-list-holder edgtf-grid-list edgtf-grid-masonry-list edgtf-pl-masonry edgtf-four-columns edgtf-medium-space edgtf-disable-bottom-space edgtf-pl-gallery-overlay edgtf-fixed-masonry-items   edgtf-pl-pag-infinite-scroll  edgtf-pl-has-animation      edgtf-pl-gallery-overlay-inverted\"  data-type=masonry data-number-of-columns=four data-space-between-items=medium data-number-of-items=5 data-enable-fixed-proportions=yes data-enable-image-shadow=no data-tag=making-of data-orderby=date data-order=DESC data-item-style=gallery-overlay data-inverted=yes data-enable-title=yes data-title-tag=h6 data-enable-category=yes data-enable-excerpt=no data-pagination-type=infinite-scroll data-filter=no data-enable-article-animation=yes data-enable-parallax-scrolling=no data-portfolio-slider-on=no data-enable-loop=yes data-enable-autoplay=yes data-enable-scroll=yes data-slider-speed=5000 data-slider-speed-animation=600 data-enable-navigation=yes data-enable-pagination=yes data-break-more-link=yes data-next-page=2>\n\t\t<div class=\"edgtf-pl-inner edgtf-outer-space edgtf-masonry-list-wrapper clearfix\">\n\t\t<div class=\"edgtf-masonry-grid-sizer\"><\/div>\n\t\t<div class=\"edgtf-masonry-grid-gutter\"><\/div>\n\t\t<p class=\"edgtf-pl-not-found\">Sorry, no posts matched your criteria.<\/p>\t<\/div>\n\t\n\t<\/div>\t\t<\/div>\n\t\t\t\t<\/div>\n\t\t\t\t\t<\/div>\n\t\t<\/div>\n\t\t\t\t\t<\/div>\n\t\t<\/section>\n\t\t\t\t<\/div>\n\t\t","protected":false},"excerpt":{"rendered":"<p>Making of Think big&#8230; Discover how we make your projects come true. PLAY M\u00e1s v\u00eddeos&#8230; SAN MIGUEL ADIDAS ROLEX SEAT LAGUNA COUP\u00c9 SEAT Mii<\/p>\n","protected":false},"author":3,"featured_media":0,"parent":0,"menu_order":0,"comment_status":"closed","ping_status":"closed","template":"full-width.php","meta":{"inline_featured_image":false,"footnotes":""},"class_list":["post-12518","page","type-page","status-publish","hentry"],"_links":{"self":[{"href":"https:\/\/www.vsacomunicacion.com\/en\/wp-json\/wp\/v2\/pages\/12518"}],"collection":[{"href":"https:\/\/www.vsacomunicacion.com\/en\/wp-json\/wp\/v2\/pages"}],"about":[{"href":"https:\/\/www.vsacomunicacion.com\/en\/wp-json\/wp\/v2\/types\/page"}],"author":[{"embeddable":true,"href":"https:\/\/www.vsacomunicacion.com\/en\/wp-json\/wp\/v2\/users\/3"}],"replies":[{"embeddable":true,"href":"https:\/\/www.vsacomunicacion.com\/en\/wp-json\/wp\/v2\/comments?post=12518"}],"version-history":[{"count":17,"href":"https:\/\/www.vsacomunicacion.com\/en\/wp-json\/wp\/v2\/pages\/12518\/revisions"}],"predecessor-version":[{"id":13741,"href":"https:\/\/www.vsacomunicacion.com\/en\/wp-json\/wp\/v2\/pages\/12518\/revisions\/13741"}],"wp:attachment":[{"href":"https:\/\/www.vsacomunicacion.com\/en\/wp-json\/wp\/v2\/media?parent=12518"}],"curies":[{"name":"wp","href":"https:\/\/api.w.org\/{rel}","templated":true}]}}